{"id":7653,"date":"2024-11-11T12:23:26","date_gmt":"2024-11-11T10:23:26","guid":{"rendered":"https:\/\/trixs.ee\/?page_id=7653"},"modified":"2024-11-13T18:15:00","modified_gmt":"2024-11-13T16:15:00","slug":"what-else-to-do","status":"publish","type":"page","link":"https:\/\/trixs.ee\/en\/what-else-to-do\/","title":{"rendered":"What else to do"},"content":{"rendered":"<div class=\"wpb-content-wrapper\">[vc_row css=&#8221;.vc_custom_1682156853187{background-image: url(https:\/\/trixs.ee\/wp-content\/uploads\/2023\/04\/page__hero-bg-new-scaled.jpg?id=3787) !important;background-position: center !important;background-repeat: no-repeat !important;background-size: cover !important;}&#8221; el_class=&#8221;subhero&#8221;][vc_column][vc_custom_heading text=&#8221;WHAT ELSE TO DO&#8221; font_container=&#8221;tag:h1|font_size:80px|text_align:left|color:%23ffffff|line_height:100px&#8221; google_fonts=&#8221;font_family:Muli%3A300%2C300italic%2Cregular%2Citalic|font_style:400%20regular%3A400%3Anormal&#8221; css=&#8221;.vc_custom_1731320602274{padding-top: 120px !important;padding-bottom: 40px !important;}&#8221;][\/vc_column][\/vc_row][vc_row css=&#8221;.vc_custom_1652269294084{padding-bottom: 25px !important;}&#8221;][vc_column][vc_column_text font_color=&#8221;#000000&#8243; font_size=&#8221;20px&#8221; line_height=&#8221;28px&#8221; font_weight=&#8221;500&#8243; css=&#8221;.vc_custom_1731514403394{padding-top: 25px !important;padding-bottom: 25px !important;}&#8221;]<img loading=\"lazy\" decoding=\"async\" class=\"wp-image-7698 alignleft\" src=\"https:\/\/trixs.ee\/wp-content\/uploads\/2024\/11\/panoraam_kaupo_kalda_2016-300x225.jpg\" alt=\"\" width=\"412\" height=\"309\" srcset=\"https:\/\/trixs.ee\/wp-content\/uploads\/2024\/11\/panoraam_kaupo_kalda_2016-300x225.jpg 300w, https:\/\/trixs.ee\/wp-content\/uploads\/2024\/11\/panoraam_kaupo_kalda_2016-381x285.jpg 381w, https:\/\/trixs.ee\/wp-content\/uploads\/2024\/11\/panoraam_kaupo_kalda_2016.jpg 700w\" sizes=\"auto, (max-width: 412px) 100vw, 412px\" \/> <img loading=\"lazy\" decoding=\"async\" class=\"alignnone wp-image-7711\" src=\"https:\/\/trixs.ee\/wp-content\/uploads\/2024\/11\/2391_Tallinn-City-view_Gen-Vagula_33055-1-300x128.jpg\" alt=\"\" width=\"328\" height=\"140\" srcset=\"https:\/\/trixs.ee\/wp-content\/uploads\/2024\/11\/2391_Tallinn-City-view_Gen-Vagula_33055-1-300x128.jpg 300w, https:\/\/trixs.ee\/wp-content\/uploads\/2024\/11\/2391_Tallinn-City-view_Gen-Vagula_33055-1-1024x436.jpg 1024w, https:\/\/trixs.ee\/wp-content\/uploads\/2024\/11\/2391_Tallinn-City-view_Gen-Vagula_33055-1-768x327.jpg 768w, https:\/\/trixs.ee\/wp-content\/uploads\/2024\/11\/2391_Tallinn-City-view_Gen-Vagula_33055-1-1536x654.jpg 1536w, https:\/\/trixs.ee\/wp-content\/uploads\/2024\/11\/2391_Tallinn-City-view_Gen-Vagula_33055-1.jpg 2047w\" sizes=\"auto, (max-width: 328px) 100vw, 328px\" \/><img loading=\"lazy\" decoding=\"async\" class=\"alignnone wp-image-7715\" src=\"https:\/\/trixs.ee\/wp-content\/uploads\/2024\/11\/Old-City-Marina-night-1-1-300x158.jpg\" alt=\"\" width=\"327\" height=\"172\" srcset=\"https:\/\/trixs.ee\/wp-content\/uploads\/2024\/11\/Old-City-Marina-night-1-1-300x158.jpg 300w, https:\/\/trixs.ee\/wp-content\/uploads\/2024\/11\/Old-City-Marina-night-1-1-1024x540.jpg 1024w, https:\/\/trixs.ee\/wp-content\/uploads\/2024\/11\/Old-City-Marina-night-1-1-768x405.jpg 768w, https:\/\/trixs.ee\/wp-content\/uploads\/2024\/11\/Old-City-Marina-night-1-1-1536x809.jpg 1536w, https:\/\/trixs.ee\/wp-content\/uploads\/2024\/11\/Old-City-Marina-night-1-1-2048x1079.jpg 2048w\" sizes=\"auto, (max-width: 327px) 100vw, 327px\" \/><\/p>\n<p>There are lot of interesting and beautiful places to discover in Tallinn. Interested in historical sightseeing or modern architecture? Want to relax and enjoy good food and drink? Tallinn has it all and even more. Go to <a href=\"https:\/\/www.visittallinn.ee\/eng\/visitor\/see-do\/things-to-do\/must-see\" target=\"_blank\" rel=\"noopener\"><span style=\"color: #0000ff;\"><em><strong>Visit Tallinn website<\/strong><\/em><\/span><\/a> and find your favourite things to do.<\/p>\n<p><img loading=\"lazy\" decoding=\"async\" class=\"alignleft wp-image-7713 \" src=\"https:\/\/trixs.ee\/wp-content\/uploads\/2024\/11\/kaupokalda-com-20181012-dji_0884-maakri-pano-300x113.jpg\" alt=\"\" width=\"633\" height=\"238\" srcset=\"https:\/\/trixs.ee\/wp-content\/uploads\/2024\/11\/kaupokalda-com-20181012-dji_0884-maakri-pano-300x113.jpg 300w, https:\/\/trixs.ee\/wp-content\/uploads\/2024\/11\/kaupokalda-com-20181012-dji_0884-maakri-pano-1024x384.jpg 1024w, https:\/\/trixs.ee\/wp-content\/uploads\/2024\/11\/kaupokalda-com-20181012-dji_0884-maakri-pano-768x288.jpg 768w, https:\/\/trixs.ee\/wp-content\/uploads\/2024\/11\/kaupokalda-com-20181012-dji_0884-maakri-pano-1536x576.jpg 1536w, https:\/\/trixs.ee\/wp-content\/uploads\/2024\/11\/kaupokalda-com-20181012-dji_0884-maakri-pano.jpg 1700w\" sizes=\"auto, (max-width: 633px) 100vw, 633px\" \/><\/p>\n<p>&nbsp;[\/vc_column_text][\/vc_column][\/vc_row]\n<\/div>","protected":false},"excerpt":{"rendered":"<p>[vc_row css=&#8221;.vc_custom_1682156853187{background-image: url(https:\/\/trixs.ee\/wp-content\/uploads\/2023\/04\/page__hero-bg-new-scaled.jpg?id=3787) !important;background-position: center !important;background-repeat: no-repeat !important;background-size: cover !important;}&#8221; el_class=&#8221;subhero&#8221;][vc_column][vc_custom_heading text=&#8221;WHAT ELSE TO DO&#8221; font_container=&#8221;tag:h1|font_size:80px|text_align:left|color:%23ffffff|line_height:100px&#8221; google_fonts=&#8221;font_family:Muli%3A300%2C300italic%2Cregular%2Citalic|font_style:400%20regular%3A400%3Anormal&#8221; css=&#8221;.vc_custom_1731320602274{padding-top: 120px !important;padding-bottom: 40px !important;}&#8221;][\/vc_column][\/vc_row][vc_row css=&#8221;.vc_custom_1652269294084{padding-bottom: 25px !important;}&#8221;][vc_column][vc_column_text font_color=&#8221;#000000&#8243; font_size=&#8221;20px&#8221; line_height=&#8221;28px&#8221; font_weight=&#8221;500&#8243; css=&#8221;.vc_custom_1731514403394{padding-top: 25px !important;padding-bottom: 25px !important;}&#8221;] There are lot of interesting and beautiful places to discover in Tallinn. Interested in historical sightseeing or modern architecture? Want to&#8230;<\/p>\n","protected":false},"author":1,"featured_media":0,"parent":0,"menu_order":0,"comment_status":"closed","ping_status":"closed","template":"page-full.php","meta":{"_acf_changed":false,"inline_featured_image":false,"ngg_post_thumbnail":0,"footnotes":""},"class_list":["post-7653","page","type-page","status-publish","hentry"],"acf":[],"yoast_head":"<!-- This site is optimized with the Yoast SEO plugin v27.3 - https:\/\/yoast.com\/product\/yoast-seo-wordpress\/ -->\n<title>What else to do &#187; TRIXS - SELLE AASTA SUURIM TRIAL \u00dcRITUS!<\/title>\n<meta name=\"description\" content=\"Ekstreemseim motov\u00f5istlus Eestis - TRIXS! V\u00f5istlus toimub 26.Oktoober 2024, algusega 17:00. Ole kohal! Soeta pilet SIIT\" \/>\n<meta name=\"robots\" content=\"index, follow, max-snippet:-1, max-image-preview:large, max-video-preview:-1\" \/>\n<link rel=\"canonical\" href=\"https:\/\/trixs.ee\/en\/what-else-to-do\/\" \/>\n<meta property=\"og:locale\" content=\"en_US\" \/>\n<meta property=\"og:type\" content=\"article\" \/>\n<meta property=\"og:title\" content=\"What else to do &#187; TRIXS - SELLE AASTA SUURIM TRIAL \u00dcRITUS!\" \/>\n<meta property=\"og:description\" content=\"Ekstreemseim motov\u00f5istlus Eestis - TRIXS! V\u00f5istlus toimub 26.Oktoober 2024, algusega 17:00. Ole kohal! Soeta pilet SIIT\" \/>\n<meta property=\"og:url\" content=\"https:\/\/trixs.ee\/en\/what-else-to-do\/\" \/>\n<meta property=\"og:site_name\" content=\"TRIXS - SELLE AASTA SUURIM TRIAL \u00dcRITUS!\" \/>\n<meta property=\"article:modified_time\" content=\"2024-11-13T16:15:00+00:00\" \/>\n<meta property=\"og:image\" content=\"https:\/\/trixs.ee\/wp-content\/uploads\/2024\/11\/panoraam_kaupo_kalda_2016-300x225.jpg\" \/>\n<meta name=\"twitter:card\" content=\"summary_large_image\" \/>\n<meta name=\"twitter:label1\" content=\"Est. reading time\" \/>\n\t<meta name=\"twitter:data1\" content=\"1 minute\" \/>\n<script type=\"application\/ld+json\" class=\"yoast-schema-graph\">{\"@context\":\"https:\\\/\\\/schema.org\",\"@graph\":[{\"@type\":\"WebPage\",\"@id\":\"https:\\\/\\\/trixs.ee\\\/en\\\/what-else-to-do\\\/\",\"url\":\"https:\\\/\\\/trixs.ee\\\/en\\\/what-else-to-do\\\/\",\"name\":\"What else to do &#187; TRIXS - SELLE AASTA SUURIM TRIAL \u00dcRITUS!\",\"isPartOf\":{\"@id\":\"https:\\\/\\\/trixs.ee\\\/en\\\/#website\"},\"primaryImageOfPage\":{\"@id\":\"https:\\\/\\\/trixs.ee\\\/en\\\/what-else-to-do\\\/#primaryimage\"},\"image\":{\"@id\":\"https:\\\/\\\/trixs.ee\\\/en\\\/what-else-to-do\\\/#primaryimage\"},\"thumbnailUrl\":\"https:\\\/\\\/trixs.ee\\\/wp-content\\\/uploads\\\/2024\\\/11\\\/panoraam_kaupo_kalda_2016-300x225.jpg\",\"datePublished\":\"2024-11-11T10:23:26+00:00\",\"dateModified\":\"2024-11-13T16:15:00+00:00\",\"description\":\"Ekstreemseim motov\u00f5istlus Eestis - TRIXS! V\u00f5istlus toimub 26.Oktoober 2024, algusega 17:00. Ole kohal! Soeta pilet SIIT\",\"breadcrumb\":{\"@id\":\"https:\\\/\\\/trixs.ee\\\/en\\\/what-else-to-do\\\/#breadcrumb\"},\"inLanguage\":\"en-US\",\"potentialAction\":[{\"@type\":\"ReadAction\",\"target\":[\"https:\\\/\\\/trixs.ee\\\/en\\\/what-else-to-do\\\/\"]}]},{\"@type\":\"ImageObject\",\"inLanguage\":\"en-US\",\"@id\":\"https:\\\/\\\/trixs.ee\\\/en\\\/what-else-to-do\\\/#primaryimage\",\"url\":\"https:\\\/\\\/trixs.ee\\\/wp-content\\\/uploads\\\/2024\\\/11\\\/panoraam_kaupo_kalda_2016-300x225.jpg\",\"contentUrl\":\"https:\\\/\\\/trixs.ee\\\/wp-content\\\/uploads\\\/2024\\\/11\\\/panoraam_kaupo_kalda_2016-300x225.jpg\"},{\"@type\":\"BreadcrumbList\",\"@id\":\"https:\\\/\\\/trixs.ee\\\/en\\\/what-else-to-do\\\/#breadcrumb\",\"itemListElement\":[{\"@type\":\"ListItem\",\"position\":1,\"name\":\"Home\",\"item\":\"https:\\\/\\\/trixs.ee\\\/en\\\/\"},{\"@type\":\"ListItem\",\"position\":2,\"name\":\"What else to do\"}]},{\"@type\":\"WebSite\",\"@id\":\"https:\\\/\\\/trixs.ee\\\/en\\\/#website\",\"url\":\"https:\\\/\\\/trixs.ee\\\/en\\\/\",\"name\":\"TRIXS - SELLE AASTA SUURIM TRIAL \u00dcRITUS!\",\"description\":\"TRIXS - SELLE AASTA SUURIM TRIAL \u00dcRITUS!\",\"potentialAction\":[{\"@type\":\"SearchAction\",\"target\":{\"@type\":\"EntryPoint\",\"urlTemplate\":\"https:\\\/\\\/trixs.ee\\\/en\\\/?s={search_term_string}\"},\"query-input\":{\"@type\":\"PropertyValueSpecification\",\"valueRequired\":true,\"valueName\":\"search_term_string\"}}],\"inLanguage\":\"en-US\"}]}<\/script>\n<!-- \/ Yoast SEO plugin. -->","yoast_head_json":{"title":"What else to do &#187; TRIXS - SELLE AASTA SUURIM TRIAL \u00dcRITUS!","description":"Ekstreemseim motov\u00f5istlus Eestis - TRIXS! V\u00f5istlus toimub 26.Oktoober 2024, algusega 17:00. Ole kohal! Soeta pilet SIIT","robots":{"index":"index","follow":"follow","max-snippet":"max-snippet:-1","max-image-preview":"max-image-preview:large","max-video-preview":"max-video-preview:-1"},"canonical":"https:\/\/trixs.ee\/en\/what-else-to-do\/","og_locale":"en_US","og_type":"article","og_title":"What else to do &#187; TRIXS - SELLE AASTA SUURIM TRIAL \u00dcRITUS!","og_description":"Ekstreemseim motov\u00f5istlus Eestis - TRIXS! V\u00f5istlus toimub 26.Oktoober 2024, algusega 17:00. Ole kohal! Soeta pilet SIIT","og_url":"https:\/\/trixs.ee\/en\/what-else-to-do\/","og_site_name":"TRIXS - SELLE AASTA SUURIM TRIAL \u00dcRITUS!","article_modified_time":"2024-11-13T16:15:00+00:00","og_image":[{"url":"https:\/\/trixs.ee\/wp-content\/uploads\/2024\/11\/panoraam_kaupo_kalda_2016-300x225.jpg","type":"","width":"","height":""}],"twitter_card":"summary_large_image","twitter_misc":{"Est. reading time":"1 minute"},"schema":{"@context":"https:\/\/schema.org","@graph":[{"@type":"WebPage","@id":"https:\/\/trixs.ee\/en\/what-else-to-do\/","url":"https:\/\/trixs.ee\/en\/what-else-to-do\/","name":"What else to do &#187; TRIXS - SELLE AASTA SUURIM TRIAL \u00dcRITUS!","isPartOf":{"@id":"https:\/\/trixs.ee\/en\/#website"},"primaryImageOfPage":{"@id":"https:\/\/trixs.ee\/en\/what-else-to-do\/#primaryimage"},"image":{"@id":"https:\/\/trixs.ee\/en\/what-else-to-do\/#primaryimage"},"thumbnailUrl":"https:\/\/trixs.ee\/wp-content\/uploads\/2024\/11\/panoraam_kaupo_kalda_2016-300x225.jpg","datePublished":"2024-11-11T10:23:26+00:00","dateModified":"2024-11-13T16:15:00+00:00","description":"Ekstreemseim motov\u00f5istlus Eestis - TRIXS! V\u00f5istlus toimub 26.Oktoober 2024, algusega 17:00. Ole kohal! Soeta pilet SIIT","breadcrumb":{"@id":"https:\/\/trixs.ee\/en\/what-else-to-do\/#breadcrumb"},"inLanguage":"en-US","potentialAction":[{"@type":"ReadAction","target":["https:\/\/trixs.ee\/en\/what-else-to-do\/"]}]},{"@type":"ImageObject","inLanguage":"en-US","@id":"https:\/\/trixs.ee\/en\/what-else-to-do\/#primaryimage","url":"https:\/\/trixs.ee\/wp-content\/uploads\/2024\/11\/panoraam_kaupo_kalda_2016-300x225.jpg","contentUrl":"https:\/\/trixs.ee\/wp-content\/uploads\/2024\/11\/panoraam_kaupo_kalda_2016-300x225.jpg"},{"@type":"BreadcrumbList","@id":"https:\/\/trixs.ee\/en\/what-else-to-do\/#breadcrumb","itemListElement":[{"@type":"ListItem","position":1,"name":"Home","item":"https:\/\/trixs.ee\/en\/"},{"@type":"ListItem","position":2,"name":"What else to do"}]},{"@type":"WebSite","@id":"https:\/\/trixs.ee\/en\/#website","url":"https:\/\/trixs.ee\/en\/","name":"TRIXS - SELLE AASTA SUURIM TRIAL \u00dcRITUS!","description":"TRIXS - SELLE AASTA SUURIM TRIAL \u00dcRITUS!","potentialAction":[{"@type":"SearchAction","target":{"@type":"EntryPoint","urlTemplate":"https:\/\/trixs.ee\/en\/?s={search_term_string}"},"query-input":{"@type":"PropertyValueSpecification","valueRequired":true,"valueName":"search_term_string"}}],"inLanguage":"en-US"}]}},"_links":{"self":[{"href":"https:\/\/trixs.ee\/en\/wp-json\/wp\/v2\/pages\/7653","targetHints":{"allow":["GET"]}}],"collection":[{"href":"https:\/\/trixs.ee\/en\/wp-json\/wp\/v2\/pages"}],"about":[{"href":"https:\/\/trixs.ee\/en\/wp-json\/wp\/v2\/types\/page"}],"author":[{"embeddable":true,"href":"https:\/\/trixs.ee\/en\/wp-json\/wp\/v2\/users\/1"}],"replies":[{"embeddable":true,"href":"https:\/\/trixs.ee\/en\/wp-json\/wp\/v2\/comments?post=7653"}],"version-history":[{"count":5,"href":"https:\/\/trixs.ee\/en\/wp-json\/wp\/v2\/pages\/7653\/revisions"}],"predecessor-version":[{"id":7718,"href":"https:\/\/trixs.ee\/en\/wp-json\/wp\/v2\/pages\/7653\/revisions\/7718"}],"wp:attachment":[{"href":"https:\/\/trixs.ee\/en\/wp-json\/wp\/v2\/media?parent=7653"}],"curies":[{"name":"wp","href":"https:\/\/api.w.org\/{rel}","templated":true}]}}